{"id":55,"date":"2021-06-06T10:45:12","date_gmt":"2021-06-06T13:45:12","guid":{"rendered":"https:\/\/www.consultorasegon.com.ar\/web\/?page_id=55"},"modified":"2021-06-08T09:36:06","modified_gmt":"2021-06-08T12:36:06","slug":"empresas","status":"publish","type":"page","link":"https:\/\/www.consultorasegon.com.ar\/web\/empresas\/","title":{"rendered":"Empresas"},"content":{"rendered":"<p>[et_pb_section fb_built=\u00bb1&#8243; use_custom_gutter=\u00bbon\u00bb specialty=\u00bbon\u00bb padding_top_1=\u00bb0px\u00bb admin_label=\u00bbService Section\u00bb _builder_version=\u00bb3.22&#8243; custom_padding=\u00bb66px|0px|54px|0px|false|false\u00bb][et_pb_column type=\u00bb1_3&#8243; _builder_version=\u00bb3.25&#8243; custom_padding=\u00bb|||\u00bb custom_padding__hover=\u00bb|||\u00bb][et_pb_image src=\u00bbhttps:\/\/www.consultorasegon.com.ar\/web\/wp-content\/uploads\/2021\/06\/Empresas.jpg\u00bb title_text=\u00bbEmpresas\u00bb align_tablet=\u00bbcenter\u00bb align_phone=\u00bb\u00bb align_last_edited=\u00bbon|desktop\u00bb _builder_version=\u00bb4.9.4&#8243; max_width_tablet=\u00bb300px\u00bb max_width_phone=\u00bb\u00bb max_width_last_edited=\u00bbon|tablet\u00bb custom_margin=\u00bb|||-60%\u00bb custom_margin_tablet=\u00bb|||0px\u00bb custom_margin_phone=\u00bb\u00bb custom_margin_last_edited=\u00bbon|tablet\u00bb filter_saturate=\u00bb0%\u00bb filter_brightness=\u00bb111%\u00bb filter_contrast=\u00bb59%\u00bb animation_style=\u00bbslide\u00bb animation_direction=\u00bbright\u00bb animation_intensity_slide=\u00bb6%\u00bb border_radii=\u00bbon|26px|26px|26px|26px\u00bb][\/et_pb_image][\/et_pb_column][et_pb_column type=\u00bb2_3&#8243; specialty_columns=\u00bb2&#8243; _builder_version=\u00bb3.25&#8243; custom_padding=\u00bb|||\u00bb custom_padding__hover=\u00bb|||\u00bb][et_pb_row_inner _builder_version=\u00bb3.25&#8243; custom_padding=\u00bb0|0px|0px|0px|false|false\u00bb][et_pb_column_inner saved_specialty_column_type=\u00bb2_3&#8243; _builder_version=\u00bb3.25&#8243; custom_padding=\u00bb|||\u00bb custom_padding__hover=\u00bb|||\u00bb][et_pb_text _builder_version=\u00bb4.9.4&#8243; ul_font=\u00bb||||||||\u00bb ol_font=\u00bb||||||||\u00bb header_font=\u00bb||||||||\u00bb header_2_font=\u00bbOswald|300|||||||\u00bb header_2_font_size=\u00bb43px\u00bb header_2_line_height=\u00bb1.2em\u00bb custom_margin=\u00bb||20px|\u00bb header_2_font_size_tablet=\u00bb36px\u00bb header_2_font_size_phone=\u00bb\u00bb header_2_font_size_last_edited=\u00bbon|desktop\u00bb]<\/p>\n<h2>Empresas<\/h2>\n<p>[\/et_pb_text][et_pb_divider color=\u00bb#1FE0BA\u00bb divider_weight=\u00bb3px\u00bb _builder_version=\u00bb4.9.4&#8243; max_width=\u00bb50px\u00bb][\/et_pb_divider][\/et_pb_column_inner][\/et_pb_row_inner][et_pb_row_inner column_structure=\u00bb1_2,1_2&#8243; _builder_version=\u00bb3.25&#8243;][et_pb_column_inner type=\u00bb1_2&#8243; saved_specialty_column_type=\u00bb2_3&#8243; _builder_version=\u00bb3.25&#8243; custom_padding=\u00bb|||\u00bb custom_padding__hover=\u00bb|||\u00bb][et_pb_text _builder_version=\u00bb4.9.4&#8243; text_font=\u00bbPoppins||||||||\u00bb text_line_height=\u00bb1.8em\u00bb link_font=\u00bbPoppins|600||on|on|||rgba(0,0,0,0.13)|\u00bb link_text_color=\u00bb#27cb8b\u00bb link_font_size=\u00bb13px\u00bb link_letter_spacing=\u00bb2px\u00bb header_font=\u00bb||||||||\u00bb header_3_font=\u00bbOswald||||||||\u00bb header_3_line_height=\u00bb1.6em\u00bb]<\/p>\n<h3>Capacitaci\u00f3n a Recursos Humanos<\/h3>\n<p>Realizamos trabajos de consultar\u00eda para empresas en el \u00e1rea de Recursos Humanos capacitando y asesorando a los empleados en temas previsionales.<\/p>\n<p>[\/et_pb_text][\/et_pb_column_inner][et_pb_column_inner type=\u00bb1_2&#8243; saved_specialty_column_type=\u00bb2_3&#8243; _builder_version=\u00bb3.25&#8243; custom_padding=\u00bb|||\u00bb custom_padding__hover=\u00bb|||\u00bb][et_pb_text _builder_version=\u00bb4.9.4&#8243; text_font=\u00bbPoppins||||||||\u00bb text_line_height=\u00bb1.8em\u00bb link_font=\u00bbPoppins|600||on|on|||rgba(0,0,0,0.13)|\u00bb link_text_color=\u00bb#27cb8b\u00bb link_font_size=\u00bb13px\u00bb link_letter_spacing=\u00bb2px\u00bb header_font=\u00bb||||||||\u00bb header_3_font=\u00bbOswald||||||||\u00bb header_3_line_height=\u00bb1.6em\u00bb]<\/p>\n<h3>Soluciones<\/h3>\n<p>Implementamos programas para brindar soluciones en materia previsional, que permiten detectar con bastante anticipaci\u00f3n a aquellos trabajadores que re\u00fanen los requisitos de edad y servicios para acceder a la jubilaci\u00f3n.<\/p>\n<p>[\/et_pb_text][\/et_pb_column_inner][\/et_pb_row_inner][et_pb_row_inner column_structure=\u00bb1_2,1_2&#8243; _builder_version=\u00bb3.25&#8243;][et_pb_column_inner type=\u00bb1_2&#8243; saved_specialty_column_type=\u00bb2_3&#8243; _builder_version=\u00bb3.25&#8243; custom_padding=\u00bb|||\u00bb custom_padding__hover=\u00bb|||\u00bb][et_pb_text _builder_version=\u00bb4.9.4&#8243; text_font=\u00bbPoppins||||||||\u00bb text_line_height=\u00bb1.8em\u00bb link_font=\u00bbPoppins|600||on|on|||rgba(0,0,0,0.13)|\u00bb link_text_color=\u00bb#27cb8b\u00bb link_font_size=\u00bb13px\u00bb link_letter_spacing=\u00bb2px\u00bb header_font=\u00bb||||||||\u00bb header_3_font=\u00bbOswald||||||||\u00bb header_3_line_height=\u00bb1.6em\u00bb]<\/p>\n<h3>Diagn\u00f3stico Previsional<\/h3>\n<p>Realizamos un diagn\u00f3stico previsional que permite tomar decisiones a tiempo, obteniendo la consecuente reducci\u00f3n en los costo laborales, permite planificar los reemplazos de los recursos humanos y generar un beneficio para el trabajador acompa\u00f1ando y conteni\u00e9ndolo en esta dif\u00edcil etapa de la vida.<\/p>\n<p>[\/et_pb_text][\/et_pb_column_inner][et_pb_column_inner type=\u00bb1_2&#8243; saved_specialty_column_type=\u00bb2_3&#8243; _builder_version=\u00bb3.25&#8243; custom_padding=\u00bb|||\u00bb custom_padding__hover=\u00bb|||\u00bb][et_pb_text _builder_version=\u00bb4.9.4&#8243; text_font=\u00bbPoppins||||||||\u00bb text_line_height=\u00bb1.8em\u00bb link_font=\u00bbPoppins|600||on|on|||rgba(0,0,0,0.13)|\u00bb link_text_color=\u00bb#27cb8b\u00bb link_font_size=\u00bb13px\u00bb link_letter_spacing=\u00bb2px\u00bb header_font=\u00bb||||||||\u00bb header_3_font=\u00bbOswald||||||||\u00bb header_3_line_height=\u00bb1.6em\u00bb]<\/p>\n<h3>Consultor\u00eda<\/h3>\n<p>Con esta l\u00ednea de negocio ayudamos a nuestros clientes en el dise\u00f1o, cuantificaci\u00f3n y revisi\u00f3n de sus planes de jubilaci\u00f3n y en la toma de decisiones logrando el objetivo de su negocio tanto desde una perspectiva financiera como de Recursos Humanos.<\/p>\n<p>[\/et_pb_text][\/et_pb_column_inner][\/et_pb_row_inner][\/et_pb_column][\/et_pb_section]<\/p>\n","protected":false},"excerpt":{"rendered":"<p>[et_pb_section fb_built=\u00bb1&#8243; use_custom_gutter=\u00bbon\u00bb specialty=\u00bbon\u00bb padding_top_1=\u00bb0px\u00bb admin_label=\u00bbService Section\u00bb _builder_version=\u00bb3.22&#8243; custom_padding=\u00bb66px|0px|54px|0px|false|false\u00bb][et_pb_column type=\u00bb1_3&#8243; _builder_version=\u00bb3.25&#8243; custom_padding=\u00bb|||\u00bb custom_padding__hover=\u00bb|||\u00bb][et_pb_image src=\u00bbhttps:\/\/www.consultorasegon.com.ar\/web\/wp-content\/uploads\/2021\/06\/Empresas.jpg\u00bb title_text=\u00bbEmpresas\u00bb align_tablet=\u00bbcenter\u00bb align_phone=\u00bb\u00bb align_last_edited=\u00bbon|desktop\u00bb _builder_version=\u00bb4.9.4&#8243; max_width_tablet=\u00bb300px\u00bb max_width_phone=\u00bb\u00bb max_width_last_edited=\u00bbon|tablet\u00bb custom_margin=\u00bb|||-60%\u00bb custom_margin_tablet=\u00bb|||0px\u00bb custom_margin_phone=\u00bb\u00bb custom_margin_last_edited=\u00bbon|tablet\u00bb filter_saturate=\u00bb0%\u00bb filter_brightness=\u00bb111%\u00bb filter_contrast=\u00bb59%\u00bb animation_style=\u00bbslide\u00bb animation_direction=\u00bbright\u00bb animation_intensity_slide=\u00bb6%\u00bb border_radii=\u00bbon|26px|26px|26px|26px\u00bb][\/et_pb_image][\/et_pb_column][et_pb_column type=\u00bb2_3&#8243; specialty_columns=\u00bb2&#8243; _builder_version=\u00bb3.25&#8243; custom_padding=\u00bb|||\u00bb custom_padding__hover=\u00bb|||\u00bb][et_pb_row_inner _builder_version=\u00bb3.25&#8243; custom_padding=\u00bb0|0px|0px|0px|false|false\u00bb][et_pb_column_inner saved_specialty_column_type=\u00bb2_3&#8243; _builder_version=\u00bb3.25&#8243; custom_padding=\u00bb|||\u00bb custom_padding__hover=\u00bb|||\u00bb][et_pb_text _builder_version=\u00bb4.9.4&#8243; ul_font=\u00bb||||||||\u00bb ol_font=\u00bb||||||||\u00bb header_font=\u00bb||||||||\u00bb header_2_font=\u00bbOswald|300|||||||\u00bb header_2_font_size=\u00bb43px\u00bb header_2_line_height=\u00bb1.2em\u00bb custom_margin=\u00bb||20px|\u00bb header_2_font_size_tablet=\u00bb36px\u00bb header_2_font_size_phone=\u00bb\u00bb header_2_font_size_last_edited=\u00bbon|desktop\u00bb] [&hellip;]<\/p>\n","protected":false},"author":2,"featured_media":0,"parent":0,"menu_order":0,"comment_status":"closed","ping_status":"closed","template":"","meta":{"_et_pb_use_builder":"on","_et_pb_old_content":"Realizamos trabajos de consultar\u00eda para empresas en el \u00e1rea de Recursos Humanos capacitando y asesorando a los empleados en temas previsionales. Implementamos programas para brindar soluciones en materia previsional, que permiten detectar con bastante anticipaci\u00f3n a aquellos trabajadores que re\u00fanen los requisitos de edad y servicios para acceder a la jubilaci\u00f3n.\r\n\r\nRealizamos un diagn\u00f3stico previsional que permite tomar decisiones a tiempo, obteniendo la consecuente reducci\u00f3n en los costo laborales, permite planificar los reemplazos de los recursos humanos y generar un beneficio para el trabajador acompa\u00f1ando y conteni\u00e9ndolo en esta dif\u00edcil etapa de la vida.\r\n\r\nCon esta l\u00ednea de negocio ayudamos a nuestros clientes en el dise\u00f1o, cuantificaci\u00f3n y revisi\u00f3n de sus planes de jubilaci\u00f3n y en la toma de decisiones logrando el objetivo de su negocio tanto desde una perspectiva financiera como de Recursos Humanos.","_et_gb_content_width":"","footnotes":""},"_links":{"self":[{"href":"https:\/\/www.consultorasegon.com.ar\/web\/wp-json\/wp\/v2\/pages\/55"}],"collection":[{"href":"https:\/\/www.consultorasegon.com.ar\/web\/wp-json\/wp\/v2\/pages"}],"about":[{"href":"https:\/\/www.consultorasegon.com.ar\/web\/wp-json\/wp\/v2\/types\/page"}],"author":[{"embeddable":true,"href":"https:\/\/www.consultorasegon.com.ar\/web\/wp-json\/wp\/v2\/users\/2"}],"replies":[{"embeddable":true,"href":"https:\/\/www.consultorasegon.com.ar\/web\/wp-json\/wp\/v2\/comments?post=55"}],"version-history":[{"count":11,"href":"https:\/\/www.consultorasegon.com.ar\/web\/wp-json\/wp\/v2\/pages\/55\/revisions"}],"predecessor-version":[{"id":283,"href":"https:\/\/www.consultorasegon.com.ar\/web\/wp-json\/wp\/v2\/pages\/55\/revisions\/283"}],"wp:attachment":[{"href":"https:\/\/www.consultorasegon.com.ar\/web\/wp-json\/wp\/v2\/media?parent=55"}],"curies":[{"name":"wp","href":"https:\/\/api.w.org\/{rel}","templated":true}]}}